{"id":28,"date":"2019-01-27T18:05:01","date_gmt":"2019-01-27T18:05:01","guid":{"rendered":"https:\/\/austrasistaba.lv\/austrasberni\/stasts\/"},"modified":"2019-05-20T11:53:21","modified_gmt":"2019-05-20T11:53:21","slug":"stasts","status":"publish","type":"page","link":"https:\/\/austrasistaba.lv\/austrasberni\/","title":{"rendered":"St\u0101sts"},"content":{"rendered":"<p>Dziesminieces Austras Pumpures (1928. \u2013 2017.) skolnieki jeb <strong>Austrasb\u0113rni<\/strong> k\u0101 kult\u016bras fenomens, protams, viscie\u0161\u0101k saist\u012bti tie\u0161i ar pa\u0161u Austru un vi\u0146as dzied\u0101taj\u0101m Imanta Kalni\u0146a dziesmu un tautasdziesmu programm\u0101m, kas jau kop\u0161 1975. gada ir k\u0101 kr\u0101\u0161\u0146a un p\u0101rdro\u0161a, absol\u016bti suver\u0113na un \u013coti dz\u012bva kult\u016bras sali\u0146a p\u0101r\u0113jo vado\u0161o un margin\u0101lo v\u0113ju un straumju vid\u016b.<\/p>\n<p>Liel\u0101k\u0101 da\u013ca no Austrasb\u0113rniem daudzu gadu garum\u0101 dzied\u0101ju\u0161i uz skatuves kop\u0101 ar Austru, bet pati Austri\u0146a gana d\u0101sni \u0161o titulu d\u0101\u013c\u0101ja ar\u012b katram, kuru vi\u0146as pla\u0161\u0101 sirds bija sajutusi k\u0101 sav\u0113jo \u2013 gan da\u017eam dzejniekam, gan da\u017eam organizatoram vai \u017eurn\u0101listam, bet jo \u012bpa\u0161i dziesminiekiem, kuriem vi\u0146a alla\u017e deva iesp\u0113ju savos Austrasdienu koncertos nodzied\u0101t vienu savu un vienu Imanta Kalni\u0146a dziesmu, t\u0101 rad\u012bdama ap sevi \u012bstenu bardu skudrup\u016bzni, kuru neviens vairs nesp\u0113j ne izskait\u012bt, ne apzin\u0101t, tom\u0113r ar cie\u0161\u0101m sait\u0113m vienoti joproj\u0101m saj\u016btas visi, kurus vien Austri\u0146a jelkad uzaicin\u0101jusi uz skatuves un nosaukusi par Austrasb\u0113rnu vai ar\u012b kur\u0161 jebkad savus pirmos \u0123it\u0101ras akordus un dziesmas m\u0101c\u012bjies tie\u0161i no Austras.<\/p>\n<p>Austra pati sevi d\u0113v\u0113ja par Austrasb\u0113rnu numur viens, un p\u0101r\u0113jos numurus neviens nekad nav pat m\u0113\u0123in\u0101jis d\u0101\u013c\u0101t: \u201cTe m\u0113s visi it vien\u0101di esam,\/ vai v\u0113l citur t\u0101 b\u016bs kaut kur?\u201d &#8211; \u0161ie v\u0101rdi k\u0101 t\u0101da vienojo\u0161a dev\u012bze izskan Imanta Kalni\u0146a dziesm\u0101 ar M\u0101ra \u010cakl\u0101 v\u0101rdiem, un liekas, \u0161ie daudzo kop\u012bgi izdzied\u0101to dziesmu v\u0101rdi darbojas k\u0101 slepenas paroles, kas m\u016bs p\u0101rkod\u0113 dz\u012bvei cit\u0101d\u0101, daudz atv\u0113rt\u0101k\u0101, gai\u0161\u0101k\u0101 un j\u0113gpiln\u0101k\u0101 pasaul\u0113, kur\u0101 siltums un m\u012b\u013cums ir vienl\u012bdz pilnties\u012bga t\u0101s da\u013ca k\u0101 skumjas, ilgas, dzidra atv\u0113rt\u012bba, ploso\u0161i jaut\u0101jumi, l\u012bksma pa\u013c\u0101v\u012bba un apbr\u012bnas v\u0113rta drosme.<\/p>\n<p>Dziesma jau visp\u0101r un vienm\u0113r izskan k\u0101 tic\u012bbas apliecin\u0101jums, jo \u012bpa\u0161i, ja k\u0101da cilv\u0113ku grupa to gadu gadiem dzied kop\u0101 atkal un atkal, un atkal. Un t\u0101 nu, m\u0113\u0123inot notvert nenotveramo jeb atrast atbildi uz jaut\u0101jumu, kas visus \u0161os tik da\u017e\u0101do paaud\u017eu un da\u017e\u0101do dz\u012bvesst\u0101stu cilv\u0113kus vieno pat tagad, kad pati Austri\u0146a vairs nav m\u016bsu vid\u016b, atkal jau ieskanas aus\u012bs v\u0101rdi no Imanta Kalni\u0146a dziesm\u0101m &#8211; \u201cT\u0101 ir br\u012bv\u012bba, kas d\u0101rg\u0101ka par sauli,\/ t\u0101s ir ilgas, kas no sprostiem \u0101r\u0101 sauc..\u201d (M.L\u012bc\u012bte-Migla), jo \u201cSait\u0113m tu simt simt\u0101m\/ saist\u012bts ar simt simtiem..\u201d (I.Auzi\u0146\u0161), un dzi\u013ci atmi\u0146\u0101 ierakst\u012bt\u0101 Austras balss ikvienu no mums joproj\u0101m aicina: \u201cNoausim k\u0101jas, atp\u012bsim sirdis,\/ dienu, nedienu pak\u0101rsim kok\u0101,\/ aiziesim migl\u0101 pagan\u012bties,\/ aiziesim Dievi\u0146a rok\u0101..\u201d (K.Skujenieks), bet Imanta Kalni\u0146a melodiju sudraba tre\u013c\u013ci m\u0101ca to vieglumu un dzi\u013cumu pa\u0146emt l\u012bdzi ar\u012b katram sav\u0101 dz\u012bv\u0113.<\/p>\n<p>Lieliski, ka vienm\u0113r atrodas k\u0101ds, kas cen\u0161as \u0161o pla\u0161o sav\u0113jo pulku sasaukt kop\u0101 un nogan\u012bt \u2013 vislab\u0101k to, protams, m\u0101c\u0113ja pati Austra, turkl\u0101t tie\u0161i ar to, ka vi\u0146a pati savus Austrasb\u0113rnus tik \u013coti m\u012bl\u0113ja, raiz\u0113j\u0101s par vi\u0146u gait\u0101m, priec\u0101j\u0101s par vi\u0146u kl\u0101tb\u016btni un, pats galvenais \u2013 no sirds tic\u0113ja katram no vi\u0146iem, vi\u0146u katra ce\u013cam un rado\u0161ai br\u012bv\u012bbai. Un ir labi, ka Austrai \u0161aj\u0101 sav\u0113jo sasauk\u0161anas darb\u0101 tik daudz pal\u012bdz\u0113ja Liep\u0101jas te\u0101tris, Tija Auzi\u0146a, Arnis Milti\u0146\u0161, Krist\u012bne Sudmale-Locika, Andris Bergmanis (1945. \u2013 2009.), Zigm\u0101rs Kristsons (1965. \u2013 2009.), Ziedonis Stuti\u0146\u0161, \u0112riks Pozemkovskis, Signe Sniedze, Inese Mui\u017eniece un daudzi citi, jo bez sastap\u0161an\u0101s un kop\u012bgi izdzied\u0101t\u0101 jau pazustu b\u016btiska da\u013ca no Austras v\u0113st\u012bjuma.<\/p>\n<p>Da\u017eam no Austrasb\u0113rniem jau pa\u0161am mati sniegbalti, da\u017es v\u0113l tikko k\u0101 no vidusskolas sola. No sen\u0101kajiem Austrasb\u0113rniem n\u0101ku\u0161i t\u0101di visai tautai noz\u012bm\u012bgi kult\u016bras \u013caudis k\u0101 Ieva Akuratere, M\u0101ris Putni\u0146\u0161, Juris Bartkevi\u010ds, Indra Bri\u0137e, Juris Hir\u0161s, J\u0101nis V\u012btols, Anta E\u0146\u0123ele, Zane \u0160mite, Priev\u012b\u0161u Andris, Silvija Silava, Uldis Ozols, bet citi atkal izv\u0113l\u0113ju\u0161ies \u0161o siltumu d\u0101sni d\u0101\u013c\u0101t \u0161aur\u0101k\u0101 lok\u0101 sav\u0101 pagast\u0101, draudz\u0113, valst\u012b vai ciem\u0101, vai ar\u012b, turpinot Austras tie\u0161o darbu, m\u0101c\u012bt dziesmas t\u0101l\u0101k tiem, kas tagad ir b\u0113rni vai grib t\u0101di justies. Vienl\u012bdz ieder\u012bgas \u0161\u0101d\u0101s san\u0101k\u0161an\u0101s vienm\u0113r biju\u0161as gan Imanta Kalni\u0146a, gan pa\u0161u Austrasb\u0113rnu rad\u012bt\u0101s dziesmas, kas cita p\u0113c citas uzplaukst k\u0101 kr\u0101\u0161\u0146as pu\u0137es un dodas taut\u0101s, gan ar\u012b tautasdziesmas, kas vienm\u0113r bijusi neat\u0146emama Austras dz\u012bves da\u013ca.<\/p>\n<p>Un \u0161\u012b ir laba un visu labo atraiso\u0161a pasaule, ko Austra ap sevi ir rad\u012bjusi \u2013 nesaska\u0146as vai p\u0101rpratumi te pal\u0113n\u0101m pa\u0161i iz\u010d\u016bkst k\u0101 p\u0113rnais sniegs saul\u0113, jo ir ta\u010du kas daudz svar\u012bg\u0101ks, ko dar\u012bt, ir dziesmas, kas dara laim\u012bgus m\u016bs pa\u0161us un citus, un jo \u012bpa\u0161i br\u012b\u017eos, kad \u0101rpasaules skarbums atkal k\u0101du no mums caursit un ievaino, ir tik labi, ja k\u0101ds sav\u0113jais atg\u0101dina: \u201cAtst\u0101j savas iekarot\u0101s zemes,\/ aizej prom no saviem ienaidniekiem..\u201d (V.Kalni\u0146\u0161), jo tas viss t\u0101pat p\u0101ries un beigsies, un var\u0113s atkal kop\u012bgi padzied\u0101t, \u201cJo man sirds ir k\u0101 no smalka z\u012bda,\/ ne t\u0101 saburz\u0101s, ne asi l\u016bst\u201d (A.\u010caks).<\/p>\n<p>&nbsp;<\/p>\n<p style=\"text-align: right;\"><em>Raksta autore: Agita Draguna<\/em><\/p>\n","protected":false},"excerpt":{"rendered":"<p>Dziesminieces Austras Pumpures (1928. \u2013 2017.) skolnieki jeb Austrasb\u0113rni k\u0101 kult\u016bras fenomens, protams, viscie\u0161\u0101k saist\u012bti tie\u0161i ar pa\u0161u Austru un vi\u0146as dzied\u0101taj\u0101m Imanta Kalni\u0146a dziesmu un tautasdziesmu programm\u0101m, kas jau kop\u0161 1975. gada ir k\u0101 kr\u0101\u0161\u0146a un p\u0101rdro\u0161a, absol\u016bti suver\u0113na un \u013coti dz\u012bva kult\u016bras sali\u0146a p\u0101r\u0113jo vado\u0161o un margin\u0101lo v\u0113ju un straumju vid\u016b. Liel\u0101k\u0101 da\u013ca [&hellip;]<\/p>\n","protected":false},"author":2,"featured_media":0,"parent":0,"menu_order":0,"comment_status":"closed","ping_status":"closed","template":"","meta":{"inline_featured_image":false,"footnotes":""},"class_list":["post-28","page","type-page","status-publish","hentry"],"acf":[],"aioseo_notices":[],"_links":{"self":[{"href":"https:\/\/austrasistaba.lv\/austrasberni\/wp-json\/wp\/v2\/pages\/28","targetHints":{"allow":["GET"]}}],"collection":[{"href":"https:\/\/austrasistaba.lv\/austrasberni\/wp-json\/wp\/v2\/pages"}],"about":[{"href":"https:\/\/austrasistaba.lv\/austrasberni\/wp-json\/wp\/v2\/types\/page"}],"author":[{"embeddable":true,"href":"https:\/\/austrasistaba.lv\/austrasberni\/wp-json\/wp\/v2\/users\/2"}],"replies":[{"embeddable":true,"href":"https:\/\/austrasistaba.lv\/austrasberni\/wp-json\/wp\/v2\/comments?post=28"}],"version-history":[{"count":2,"href":"https:\/\/austrasistaba.lv\/austrasberni\/wp-json\/wp\/v2\/pages\/28\/revisions"}],"predecessor-version":[{"id":88,"href":"https:\/\/austrasistaba.lv\/austrasberni\/wp-json\/wp\/v2\/pages\/28\/revisions\/88"}],"wp:attachment":[{"href":"https:\/\/austrasistaba.lv\/austrasberni\/wp-json\/wp\/v2\/media?parent=28"}],"curies":[{"name":"wp","href":"https:\/\/api.w.org\/{rel}","templated":true}]}}