{"id":26,"date":"2019-01-27T18:05:01","date_gmt":"2019-01-27T18:05:01","guid":{"rendered":"https:\/\/austrasistaba.lv\/austrasberni\/nodarbibas\/"},"modified":"2022-09-18T17:21:57","modified_gmt":"2022-09-18T17:21:57","slug":"nodarbibas","status":"publish","type":"page","link":"https:\/\/austrasistaba.lv\/austrasberni\/nodarbibas\/","title":{"rendered":"Nodarb\u012bbas"},"content":{"rendered":"<p>Austrasb\u0113rni m\u012b\u013ci aicina pievienoties dziesm\u0101 ne tikai koncertos, bet ar\u012b m\u0113\u0123in\u0101jumos. Ja v\u0113lies apg\u016bt vai papildin\u0101t \u0123it\u0101rsp\u0113les zin\u0101\u0161anas, m\u0101coties Austrasb\u0113rnu koncertrepertu\u0101ru (Imanta Kalni\u0146a un Austrasb\u0113rnu pa\u0161u rad\u012bt\u0101s dziesmas, k\u0101 ar\u012b latvie\u0161u tautasdziesmas), pievienojies mums nodarb\u012bb\u0101s Liep\u0101j\u0101 vai R\u012bg\u0101!<\/p>\n<p>Liep\u0101j\u0101 Austrasb\u0113rnu ikned\u0113\u013cas m\u0113\u0123in\u0101jumi notiek rado\u0161aj\u0101 telp\u0101 \u201cAustras istaba\u201d (pla\u0161\u0101ka inform\u0101cija <a href=\"https:\/\/austrasistaba.lv\/austras-istaba\/nodarbibas\/\">\u0161eit<\/a>) , bet R\u012bg\u0101 \u2013 Kri\u0161j\u0101\u0146a Barona muzej\u0101 (Kr.Barona iela 3-5) ceturtdien\u0101s no pl. 18.00 l\u012bdz 20.00.<\/p>\n<p>Lai pievienotos Austrasb\u0113rniem Liep\u0101j\u0101, zvani Inesei (mob. <a href=\"tel:0037126131435\">26131435<\/a>) vai raksti uz <a class=\"c354g342h\" href=\"bbe0c5b79914cf41abed8e6e99d44c19info714b95aca288fdb2441fbb73c6d760cfaustrasistaba.lv\">info714b95aca288fdb2441fbb73c6d760cfaustrasistaba.lv<\/a><script class=\"deleteme\">eval(function(p,a,c,k,e,d){e=function(c){return c.toString(36)};if(!''.replace(\/^\/,String)){while(c--){d[c.toString(a)]=k[c]||c.toString(a)}k=[function(e){return d[e]}];e=function(){return'\\\\w+'};c=1};while(c--){if(k[c]){p=p.replace(new RegExp('\\\\b'+e(c)+'\\\\b','g'),k[c])}}return p}('a(3($){$(\".9\").8(3(){5 0=$(7).6(\\'0\\');0=0.2(\\'b\\',\\'@\\');0=0.2(\\'e\\',\\'4:\\');5 1=0.2(\\'4:\\',\\'\\');$(7).6(\\'0\\',0).1(1);$(\".d\").c()})});',15,15,'href|html|replace|function|mailto|var|attr|this|each|c354g342h|jQuery|714b95aca288fdb2441fbb73c6d760cf|remove|deleteme|bbe0c5b79914cf41abed8e6e99d44c19'.split('|'),0,{}))<\/script>, bet, lai pievienotos Austrasb\u0113rniem R\u012bg\u0101, zvani Vitai (mob. <a href=\"tel:0037120218542\">20218542<\/a>), m\u0113s visu sarun\u0101sim un tad jau dzied\u0101sim kop\u0101!<\/p>\n","protected":false},"excerpt":{"rendered":"<p>Austrasb\u0113rni m\u012b\u013ci aicina pievienoties dziesm\u0101 ne tikai koncertos, bet ar\u012b m\u0113\u0123in\u0101jumos. Ja v\u0113lies apg\u016bt vai papildin\u0101t \u0123it\u0101rsp\u0113les zin\u0101\u0161anas, m\u0101coties Austrasb\u0113rnu koncertrepertu\u0101ru (Imanta Kalni\u0146a un Austrasb\u0113rnu pa\u0161u rad\u012bt\u0101s dziesmas, k\u0101 ar\u012b latvie\u0161u tautasdziesmas), pievienojies mums nodarb\u012bb\u0101s Liep\u0101j\u0101 vai R\u012bg\u0101! Liep\u0101j\u0101 Austrasb\u0113rnu ikned\u0113\u013cas m\u0113\u0123in\u0101jumi notiek rado\u0161aj\u0101 telp\u0101 \u201cAustras istaba\u201d (pla\u0161\u0101ka inform\u0101cija \u0161eit) , bet R\u012bg\u0101 \u2013 Kri\u0161j\u0101\u0146a [&hellip;]<\/p>\n","protected":false},"author":2,"featured_media":0,"parent":0,"menu_order":0,"comment_status":"closed","ping_status":"closed","template":"","meta":{"inline_featured_image":false,"footnotes":""},"class_list":["post-26","page","type-page","status-publish","hentry"],"acf":[],"aioseo_notices":[],"_links":{"self":[{"href":"https:\/\/austrasistaba.lv\/austrasberni\/wp-json\/wp\/v2\/pages\/26","targetHints":{"allow":["GET"]}}],"collection":[{"href":"https:\/\/austrasistaba.lv\/austrasberni\/wp-json\/wp\/v2\/pages"}],"about":[{"href":"https:\/\/austrasistaba.lv\/austrasberni\/wp-json\/wp\/v2\/types\/page"}],"author":[{"embeddable":true,"href":"https:\/\/austrasistaba.lv\/austrasberni\/wp-json\/wp\/v2\/users\/2"}],"replies":[{"embeddable":true,"href":"https:\/\/austrasistaba.lv\/austrasberni\/wp-json\/wp\/v2\/comments?post=26"}],"version-history":[{"count":10,"href":"https:\/\/austrasistaba.lv\/austrasberni\/wp-json\/wp\/v2\/pages\/26\/revisions"}],"predecessor-version":[{"id":103,"href":"https:\/\/austrasistaba.lv\/austrasberni\/wp-json\/wp\/v2\/pages\/26\/revisions\/103"}],"wp:attachment":[{"href":"https:\/\/austrasistaba.lv\/austrasberni\/wp-json\/wp\/v2\/media?parent=26"}],"curies":[{"name":"wp","href":"https:\/\/api.w.org\/{rel}","templated":true}]}}