{"id":30,"date":"2019-01-27T18:03:51","date_gmt":"2019-01-27T18:03:51","guid":{"rendered":"https:\/\/austrasistaba.lv\/austras-istaba\/stasts\/"},"modified":"2021-07-26T11:54:39","modified_gmt":"2021-07-26T11:54:39","slug":"stasts","status":"publish","type":"page","link":"https:\/\/austrasistaba.lv\/austras-istaba\/","title":{"rendered":"St\u0101sts"},"content":{"rendered":"<p>Rado\u0161\u0101s telpas \u201cAustras istaba\u201d izveide ir sabiedriska iniciat\u012bva, ko uzs\u0101kusi Austras biedr\u012bba, pateicoties un godinot le\u0123end\u0101ro dziesminieci un Goda Liep\u0101jnieci <strong>Austru Pumpuri<\/strong>. \u201cAustras istaba\u201d atrodas Liep\u0101j\u0101, Zivju iel\u0101 3, m\u0101kslas galerijas \u201cRomas d\u0101rzs\u201d pagrabst\u0101v\u0101.<\/p>\n<p>M\u0113s, <strong>Austrasb\u0113rni<\/strong>, verot durvis \u201cAustras istabai\u201d, v\u0113lamies pamaz\u0101m veikt gan <strong>Austras Pumpures kult\u016brv\u0113sturisk\u0101 mantojuma izp\u0113ti<\/strong>, dokument\u0113\u0161anu un digitaliz\u0113\u0161anu, gan ar\u012b nodro\u0161in\u0101t vi\u0146as aizs\u0101kt\u0101 darba turpin\u0101jumu \u2013 <strong>rad\u012bt vietu dziesmai un dzejai Liep\u0101j\u0101<\/strong>.<\/p>\n<p>Atceroties Austras person\u012bbu, j\u016btam, ka vi\u0146ai maz\u0101k piest\u0101v \u201cpiemi\u0146as istaba\u201d, vair\u0101k \u2013 <strong>dz\u012bva un ros\u012bga kult\u016bras vieta<\/strong>. T\u0101d\u0113\u013c no 2018. gada apr\u012b\u013ca esam uzs\u0101ku\u0161i kult\u016bras programmu \u201cAustras istab\u0101\u201d \u2013 katru m\u0113nesi \u0161eit notiek <strong>dziesminieku koncerti<\/strong> un reizi pa reizei ar\u012b <strong>tik\u0161an\u0101s ar dzejniekiem<\/strong>. Pirmoreiz \u201cAustras istaba\u201d tika ieskandin\u0101ta 2018. gada 3. mart\u0101, kad taj\u0101 notika Austrasb\u0113rnu sadzied\u0101\u0161an\u0101s \u201cAustrasdienu\u201d ietvaros.<\/p>\n<p>Ros\u012bbu \u201cAustras istab\u0101\u201d nodro\u0161ina ar\u012b da\u017e\u0101das <strong>nodarb\u012bbas<\/strong>: Austrasb\u0113rnu kopm\u0113\u0123in\u0101jumi Simonas Ra\u010das, J\u0101\u0146a R\u016b\u010da un Ineses Mui\u017enieces vad\u012bb\u0101, individu\u0101las \u0123it\u0101rsp\u0113les nodarb\u012bbas Dzintara V\u012btola vad\u012bb\u0101, v\u0101cu biedr\u012bbas ansamb\u013ca \u201cZusammen sein\u201d m\u0113\u0123in\u0101jumi, k\u0101 ar\u012b no 2019. gada 8. janv\u0101ra b\u0113rnu vok\u0101l\u0101 ansamb\u013ca \u201cDimanti\u0146i\u201d nodarb\u012bbas Simonas Ra\u010das vad\u012bb\u0101.<\/p>\n<p>Paral\u0113li nodarb\u012bb\u0101m un pas\u0101kumu veido\u0161anai \u201cAustras istab\u0101\u201d v\u0113lamies <strong>apkopot materi\u0101lus par Austru Pumpuri<\/strong> \u2013 publicit\u0101tes rakstus, fotogr\u0101fijas, piemi\u0146as lietas, atmi\u0146u st\u0101stus, t\u0101d\u0113\u013c aicin\u0101m iesaist\u012bties ikvienu Austras draugu un domubiedru. Labpr\u0101t satiksimies un ierakst\u012bsim J\u016bsu atmi\u0146u st\u0101stus, sa\u0146emsim materi\u0101lus, kurus ar laiku sistematiz\u0113sim un dar\u012bsim publiski pieejamus. Ja esat uzrakst\u012bjis savu atmi\u0146u st\u0101stu elektronisk\u0101 form\u0101t\u0101, b\u016bsim pateic\u012bgi, ja to ats\u016bt\u012bsiet uz e-pastu inese@austrasbiedriba.lv. Austra bija mums katram sava, t\u0101p\u0113c aicin\u0101m veidot \u201cAustras istabu\u201d un st\u0101stu kop\u0101!<\/p>\n<p>\u0160obr\u012bd \u201cAustras istaba\u201d publiski pieejama un atv\u0113rta ir tikai pas\u0101kumu norises laik\u0101 vai ar\u012b iepriek\u0161 \u012bpa\u0161i piesakot apmekl\u0113jumu, zvanot uz mob.t\u0101lr. 26131435 (Inese). Pa\u0161laik \u201cAustras istab\u0101\u201d atrodas un ir apskat\u0101mas m\u0113beles, gleznas, gr\u0101matas ar ierakstiem un velt\u012bjumiem, no\u0161u arh\u012bvs un citas person\u012bg\u0101s lietas no Austras dz\u012bvok\u013ca, k\u0101 ar\u012b ir iesp\u0113ja ieg\u0101d\u0101ties Austras biedr\u012bbas izdot\u0101s gr\u0101matas un dziesmu burtn\u012bcas.<\/p>\n        <div class=\"seperator\">\r\n                    <\/div>\r\n    \n<p>\u201cAustras istabas\u201d izveides ideja radusies, pateicoties tam, ka m\u016b\u017ea nogal\u0113 Austra Pumpure savu dz\u012bvokli nov\u0113l\u0113ja Austras biedr\u012bbai un Austrasb\u0113rniem. D\u0101vin\u0101juma l\u012bgum\u0101 rakst\u012bts: \u201cDz\u012bvoklis tiek d\u0101vin\u0101ts ar m\u0113r\u0137i izveidot AUSTRAS ISTABU, kur var\u0113tu sadzied\u0101ties, tikties Austrasb\u0113rni, dzejnieki, citi dziesminieki, folkloristi un citi, kur var\u0113tu notikt \u0123it\u0101rsp\u0113les un folkloras nodarb\u012bbas AUSTRAS SKOL\u0100, kur var\u0113tu ieg\u0101d\u0101ties notis \u0123it\u0101rsp\u0113lei, iepaz\u012bties ar Imanta Kalni\u0146a rokrakst\u0101 rakst\u012btaj\u0101m not\u012bm, dziesminieku kust\u012bbas v\u0113sturi, k\u0101 ar\u012b apl\u016bkot Austrai d\u0101vin\u0101t\u0101s gleznas, piemi\u0146as lietas un gr\u0101matas ar autogr\u0101fiem.\u201d T\u0101 k\u0101 dz\u012bvoklis atrodas Liep\u0101jas nomal\u0113 piecst\u0101vu dz\u012bvojamaj\u0101 \u0113k\u0101 un nav piem\u0113rots publisk\u0101m aktivit\u0101t\u0113m, tad tika nolemts \u201cAustras istabu\u201d veidot pils\u0113tas centr\u0101. Pateicoties uz\u0146\u0113m\u0113ja un Austras drauga Ivara Kesenfelda atbalstam, \u201cAustras istaba\u201d savu m\u0101jvietu atradusi m\u0101kslas galerijas \u201cRomas d\u0101rzs\u201d pagrabst\u0101v\u0101 pa\u0161\u0101 Liep\u0101jas centr\u0101.<\/p>\n<p>&nbsp;<\/p>\n<p style=\"text-align: right\"><em>Raksta autore: Inese Mui\u017eniece<\/em><\/p>\n","protected":false},"excerpt":{"rendered":"<p>Rado\u0161\u0101s telpas \u201cAustras istaba\u201d izveide ir sabiedriska iniciat\u012bva, ko uzs\u0101kusi Austras biedr\u012bba, pateicoties un godinot le\u0123end\u0101ro dziesminieci un Goda Liep\u0101jnieci Austru Pumpuri. \u201cAustras istaba\u201d atrodas Liep\u0101j\u0101, Zivju iel\u0101 3, m\u0101kslas galerijas \u201cRomas d\u0101rzs\u201d pagrabst\u0101v\u0101. M\u0113s, Austrasb\u0113rni, verot durvis \u201cAustras istabai\u201d, v\u0113lamies pamaz\u0101m veikt gan Austras Pumpures kult\u016brv\u0113sturisk\u0101 mantojuma izp\u0113ti, dokument\u0113\u0161anu un digitaliz\u0113\u0161anu, gan ar\u012b nodro\u0161in\u0101t [&hellip;]<\/p>\n","protected":false},"author":2,"featured_media":0,"parent":0,"menu_order":0,"comment_status":"closed","ping_status":"closed","template":"","meta":{"inline_featured_image":false,"footnotes":""},"class_list":["post-30","page","type-page","status-publish","hentry"],"acf":[],"aioseo_notices":[],"_links":{"self":[{"href":"https:\/\/austrasistaba.lv\/austras-istaba\/wp-json\/wp\/v2\/pages\/30","targetHints":{"allow":["GET"]}}],"collection":[{"href":"https:\/\/austrasistaba.lv\/austras-istaba\/wp-json\/wp\/v2\/pages"}],"about":[{"href":"https:\/\/austrasistaba.lv\/austras-istaba\/wp-json\/wp\/v2\/types\/page"}],"author":[{"embeddable":true,"href":"https:\/\/austrasistaba.lv\/austras-istaba\/wp-json\/wp\/v2\/users\/2"}],"replies":[{"embeddable":true,"href":"https:\/\/austrasistaba.lv\/austras-istaba\/wp-json\/wp\/v2\/comments?post=30"}],"version-history":[{"count":8,"href":"https:\/\/austrasistaba.lv\/austras-istaba\/wp-json\/wp\/v2\/pages\/30\/revisions"}],"predecessor-version":[{"id":234,"href":"https:\/\/austrasistaba.lv\/austras-istaba\/wp-json\/wp\/v2\/pages\/30\/revisions\/234"}],"wp:attachment":[{"href":"https:\/\/austrasistaba.lv\/austras-istaba\/wp-json\/wp\/v2\/media?parent=30"}],"curies":[{"name":"wp","href":"https:\/\/api.w.org\/{rel}","templated":true}]}}