{"id":27,"date":"2019-01-27T18:03:51","date_gmt":"2019-01-27T18:03:51","guid":{"rendered":"https:\/\/austrasistaba.lv\/austras-istaba\/nodarbibas\/"},"modified":"2023-03-21T08:28:08","modified_gmt":"2023-03-21T08:28:08","slug":"nodarbibas","status":"publish","type":"page","link":"https:\/\/austrasistaba.lv\/austras-istaba\/nodarbibas\/","title":{"rendered":"Nodarb\u012bbas"},"content":{"rendered":"<p>Nodarb\u012bbas notiek rado\u0161aj\u0101 telp\u0101 \u201cAustras istaba\u201d m\u0101kslas galerijas \u201cRomas d\u0101rzs\u201d pagrabst\u0101va telp\u0101s (Liep\u0101j\u0101, Zivju iel\u0101 3), k\u0101 ar\u012b Austras biedr\u012bbas telp\u0101s Ug\u0101les iel\u0101 6 &#8211; 29.<\/p>\n","protected":false},"excerpt":{"rendered":"<p>Nodarb\u012bbas notiek rado\u0161aj\u0101 telp\u0101 \u201cAustras istaba\u201d m\u0101kslas galerijas \u201cRomas d\u0101rzs\u201d pagrabst\u0101va telp\u0101s (Liep\u0101j\u0101, Zivju iel\u0101 3), k\u0101 ar\u012b Austras biedr\u012bbas telp\u0101s Ug\u0101les iel\u0101 6 &#8211; 29.<\/p>\n","protected":false},"author":2,"featured_media":0,"parent":0,"menu_order":0,"comment_status":"closed","ping_status":"closed","template":"_template_nodarbibas.php","meta":{"inline_featured_image":false,"footnotes":""},"class_list":["post-27","page","type-page","status-publish","hentry"],"acf":[],"aioseo_notices":[],"_links":{"self":[{"href":"https:\/\/austrasistaba.lv\/austras-istaba\/wp-json\/wp\/v2\/pages\/27","targetHints":{"allow":["GET"]}}],"collection":[{"href":"https:\/\/austrasistaba.lv\/austras-istaba\/wp-json\/wp\/v2\/pages"}],"about":[{"href":"https:\/\/austrasistaba.lv\/austras-istaba\/wp-json\/wp\/v2\/types\/page"}],"author":[{"embeddable":true,"href":"https:\/\/austrasistaba.lv\/austras-istaba\/wp-json\/wp\/v2\/users\/2"}],"replies":[{"embeddable":true,"href":"https:\/\/austrasistaba.lv\/austras-istaba\/wp-json\/wp\/v2\/comments?post=27"}],"version-history":[{"count":20,"href":"https:\/\/austrasistaba.lv\/austras-istaba\/wp-json\/wp\/v2\/pages\/27\/revisions"}],"predecessor-version":[{"id":362,"href":"https:\/\/austrasistaba.lv\/austras-istaba\/wp-json\/wp\/v2\/pages\/27\/revisions\/362"}],"wp:attachment":[{"href":"https:\/\/austrasistaba.lv\/austras-istaba\/wp-json\/wp\/v2\/media?parent=27"}],"curies":[{"name":"wp","href":"https:\/\/api.w.org\/{rel}","templated":true}]}}