{"id":26,"date":"2019-01-27T18:03:51","date_gmt":"2019-01-27T18:03:51","guid":{"rendered":"https:\/\/austrasistaba.lv\/austras-istaba\/logo\/"},"modified":"2019-03-28T18:03:20","modified_gmt":"2019-03-28T18:03:20","slug":"logo","status":"publish","type":"page","link":"https:\/\/austrasistaba.lv\/austras-istaba\/logo\/","title":{"rendered":"Logo"},"content":{"rendered":"<p><img loading=\"lazy\" decoding=\"async\" class=\"alignleft wp-image-45 size-medium\" src=\"https:\/\/austrasistaba.lv\/austras-istaba\/wp-content\/uploads\/sites\/3\/2019\/03\/Austras-istaba-e1553796197410-300x234.jpg\" alt=\"\" width=\"300\" height=\"234\" srcset=\"https:\/\/austrasistaba.lv\/austras-istaba\/wp-content\/uploads\/sites\/3\/2019\/03\/Austras-istaba-e1553796197410-300x234.jpg 300w, https:\/\/austrasistaba.lv\/austras-istaba\/wp-content\/uploads\/sites\/3\/2019\/03\/Austras-istaba-e1553796197410-450x350.jpg 450w, https:\/\/austrasistaba.lv\/austras-istaba\/wp-content\/uploads\/sites\/3\/2019\/03\/Austras-istaba-e1553796197410.jpg 576w\" sizes=\"auto, (max-width: 300px) 100vw, 300px\" \/><\/p>\n<p>Rado\u0161\u0101s telpas \u201cAustras istaba\u201d logo veidots Austras Pumpures rokrakst\u0101. Tas \u012bstenots, \u0146emot atsevi\u0161\u0137us burtus no Austras ieraksta gr\u0101mat\u0101 \u201cViss vienalga, mier\u0101 neliks. Ar m\u012blest\u012bbu, Austra\u201d.<\/p>\n<p>Logo autors: Aigars Mil\u010ds.<\/p>\n<p>Logo fails lejupl\u0101dei: <a href=\"https:\/\/austrasistaba.lv\/austras-istaba\/wp-content\/uploads\/sites\/3\/2019\/03\/Austras-istaba.jpg\" target=\"_blank\" rel=\"noopener noreferrer\" download=\"\">jpg<\/a> un <a href=\"https:\/\/austrasistaba.lv\/austras-istaba\/wp-content\/uploads\/sites\/3\/2019\/03\/Austras-istaba.pdf\" target=\"_blank\" rel=\"noopener noreferrer\" download=\"\">pdf<\/a><\/p>\n","protected":false},"excerpt":{"rendered":"<p>Rado\u0161\u0101s telpas \u201cAustras istaba\u201d logo veidots Austras Pumpures rokrakst\u0101. Tas \u012bstenots, \u0146emot atsevi\u0161\u0137us burtus no Austras ieraksta gr\u0101mat\u0101 \u201cViss vienalga, mier\u0101 neliks. Ar m\u012blest\u012bbu, Austra\u201d. Logo autors: Aigars Mil\u010ds. Logo fails lejupl\u0101dei: jpg un pdf<\/p>\n","protected":false},"author":2,"featured_media":0,"parent":0,"menu_order":0,"comment_status":"closed","ping_status":"closed","template":"","meta":{"inline_featured_image":false,"footnotes":""},"class_list":["post-26","page","type-page","status-publish","hentry"],"acf":[],"aioseo_notices":[],"_links":{"self":[{"href":"https:\/\/austrasistaba.lv\/austras-istaba\/wp-json\/wp\/v2\/pages\/26","targetHints":{"allow":["GET"]}}],"collection":[{"href":"https:\/\/austrasistaba.lv\/austras-istaba\/wp-json\/wp\/v2\/pages"}],"about":[{"href":"https:\/\/austrasistaba.lv\/austras-istaba\/wp-json\/wp\/v2\/types\/page"}],"author":[{"embeddable":true,"href":"https:\/\/austrasistaba.lv\/austras-istaba\/wp-json\/wp\/v2\/users\/2"}],"replies":[{"embeddable":true,"href":"https:\/\/austrasistaba.lv\/austras-istaba\/wp-json\/wp\/v2\/comments?post=26"}],"version-history":[{"count":9,"href":"https:\/\/austrasistaba.lv\/austras-istaba\/wp-json\/wp\/v2\/pages\/26\/revisions"}],"predecessor-version":[{"id":178,"href":"https:\/\/austrasistaba.lv\/austras-istaba\/wp-json\/wp\/v2\/pages\/26\/revisions\/178"}],"wp:attachment":[{"href":"https:\/\/austrasistaba.lv\/austras-istaba\/wp-json\/wp\/v2\/media?parent=26"}],"curies":[{"name":"wp","href":"https:\/\/api.w.org\/{rel}","templated":true}]}}