{"id":47,"date":"2018-11-23T13:22:08","date_gmt":"2018-11-23T13:22:08","guid":{"rendered":"https:\/\/austrasistaba.lv\/austra-pumpure\/?page_id=47"},"modified":"2020-03-29T13:04:52","modified_gmt":"2020-03-29T13:04:52","slug":"video","status":"publish","type":"page","link":"https:\/\/austrasistaba.lv\/austra-pumpure\/video\/","title":{"rendered":"Video"},"content":{"rendered":"\t\t\t<div \n\t\t\tclass=\"yotu-playlist yotuwp yotu-limit-min yotu-player-full  yotu-thumb-169  yotu-template-grid\" \n\t\t\tdata-page=\"1\"\n\t\t\tid=\"yotuwp-69de5f306d40c\"\n\t\t\tdata-yotu=\"69de5f306d9d9\"\n\t\t\tdata-total=\"5\"\n\t\t\tdata-settings=\"eyJ0eXBlIjoicGxheWxpc3QiLCJpZCI6IlBMZG00X2dPRF9neTBOb0FlNVVSZGI5ald2RERaTTZ5cnAiLCJwYWdpbmF0aW9uIjoib24iLCJwYWdpdHlwZSI6InBhZ2VyIiwiY29sdW1uIjoiMyIsInBlcl9wYWdlIjoiNiIsInRlbXBsYXRlIjoiZ3JpZCIsInRpdGxlIjoib24iLCJkZXNjcmlwdGlvbiI6Im9mZiIsInRodW1icmF0aW8iOiIxNjkiLCJtZXRhIjoib2ZmIiwibWV0YV9kYXRhIjoib2ZmIiwibWV0YV9wb3NpdGlvbiI6Imluc2lkZSIsImRhdGVfZm9ybWF0IjoidGltZWFnbyIsIm1ldGFfYWxpZ24iOiJjZW50ZXIiLCJzdWJzY3JpYmUiOiJvZmYiLCJkdXJhdGlvbiI6Im9mZiIsIm1ldGFfaWNvbiI6Im9uIiwibmV4dHRleHQiOiIiLCJwcmV2dGV4dCI6IiIsImxvYWRtb3JldGV4dCI6IiIsInBsYXllciI6eyJtb2RlIjoibGFyZ2UiLCJ3aWR0aCI6IjAiLCJzY3JvbGxpbmciOiIxMDAiLCJhdXRvcGxheSI6MCwiY29udHJvbHMiOjEsIm1vZGVzdGJyYW5kaW5nIjowLCJsb29wIjowLCJhdXRvbmV4dCI6MSwic2hvd2luZm8iOjAsInJlbCI6MCwicGxheWluZyI6MSwicGxheWluZ19kZXNjcmlwdGlvbiI6MCwidGh1bWJuYWlscyI6MCwiY2NfbG9hZF9wb2xpY3kiOiIwIiwiY2NfbGFuZ19wcmVmIjoiMSIsImhsIjoiIiwiaXZfbG9hZF9wb2xpY3kiOiIzIn0sImxhc3RfdGFiIjoiYXBpIiwidXNlX2FzX21vZGFsIjoib2ZmIiwibW9kYWxfaWQiOiJvZmYiLCJsYXN0X3VwZGF0ZSI6IjE1ODU1OTY4NDciLCJzdHlsaW5nIjp7InBhZ2VyX2xheW91dCI6ImJvdGhzaWRlIiwiYnV0dG9uIjoiMSIsImJ1dHRvbl9jb2xvciI6IiNmZmZmZmYiLCJidXR0b25fYmdfY29sb3IiOiIjZjI4YTIyIiwiYnV0dG9uX2NvbG9yX2hvdmVyIjoiIiwiYnV0dG9uX2JnX2NvbG9yX2hvdmVyIjoiIiwidmlkZW9fc3R5bGUiOiJncGx1cyIsInBsYXlpY29uX2NvbG9yIjoiIiwiaG92ZXJfaWNvbiI6InBsYXktMiIsImdhbGxlcnlfYmciOiIiLCJ0aXRsZV9jb2xvciI6IiIsImRlc2NyaXB0aW9uX2NvbG9yIjoiIiwicGxheWluZ190aXRsZV9jb2xvciI6IiIsImRlc2NyaXB0aW9uX2FsaWduIjoiIiwidGl0bGVfYWxpZ24iOiIiLCJtZXRhX2NvbG9yIjoiIiwiZmxpcF9jb250ZW50X2JnIjoiIn0sImVmZmVjdHMiOnsidmlkZW9fYm94IjoiIiwiZmxpcF9lZmZlY3QiOiIifSwiZ2FsbGVyeV9pZCI6IjY5ZGU1ZjMwNmQ0MGMiLCJuZXh0IjoiQ0FZUUFBIiwicHJldiI6IiJ9\"\n\t\t\tdata-player=\"large\"\n\t\t\tdata-showdesc=\"off\" >\n\t\t\t\t<div>\n\t\t\t\t\t\t\t\t\t\t<div class=\"yotu-wrapper-player\" style=\"\">\n\t\t\t\t\t\t\t\t\t\t\t\t\t<div class=\"yotu-playing\">\n\t\t\t\t\t\t\t\tM\u016b\u017e\u012bb\u0101 aizg\u0101jusi dziesminiece Austra Pumpure\t\t\t\t\t\t\t<\/div>\n\t\t\t\t\t\t\t\t\t\t\t\t<div class=\"yotu-player\">\n\t\t\t\t\t\t\t<div class=\"yotu-video-placeholder\" id=\"yotu-player-69de5f306d9d9\"><\/div>\n\t\t\t\t\t\t<\/div>\n\t\t\t\t\t\t<div class=\"yotu-playing-status\"><\/div>\n\t\t\t\t\t\t\t\t\t\t\t<\/div>\n\n\t\t\t\t\t<div class=\"yotu-pagination yotu-pager_layout-bothside yotu-pagination-top\">\n<a href=\"#\" class=\"yotu-pagination-prev yotu-button-prs yotu-button-prs-1\" data-page=\"prev\">Prev<\/a>\n<span class=\"yotu-pagination-current\">1<\/span> <span>of<\/span> <span class=\"yotu-pagination-total\">5<\/span>\n<a href=\"#\" class=\"yotu-pagination-next yotu-button-prs yotu-button-prs-1\" data-page=\"next\">Next<\/a>\n<\/div>\n<div class=\"yotu-videos yotu-mode-grid yotu-preset yotu-preset-gplus yotu-column-3 yotu-player-mode-large yotuhover-play-2\">\n\t<ul>\n\t\t\t\t\t<li class=\" yotu-first\">\n\t\t\t\t\t\t\t\t<a href=\"#WnifLOUdwMg\" class=\"yotu-video\" data-videoid=\"WnifLOUdwMg\" data-title=\"M\u016b\u017e\u012bb\u0101 aizg\u0101jusi dziesminiece Austra Pumpure\" title=\"M\u016b\u017e\u012bb\u0101 aizg\u0101jusi dziesminiece Austra Pumpure\">\n\t\t\t\t\t<div class=\"yotu-video-thumb-wrp\">\n\t\t\t\t\t\t<div>\n\t\t\t\t\t\t\t\t\t\t\t\t\t\t<img decoding=\"async\" class=\"yotu-video-thumb\" src=\"https:\/\/i.ytimg.com\/vi\/WnifLOUdwMg\/sddefault.jpg\" alt=\"M\u016b\u017e\u012bb\u0101 aizg\u0101jusi dziesminiece Austra Pumpure\">\t\n\t\t\t\t\t\t\t<div class=\"yotuwp-video-meta\"><\/div>\t\t\t\t\t\t<\/div>\n\t\t\t\t\t<\/div>\n\t\t\t\t\t\t\t\t\t\t\t<h3 class=\"yotu-video-title\">M\u016b\u017e\u012bb\u0101 aizg\u0101jusi dziesminiece Austra Pumpure<\/h3>\n\t\t\t\t\t\t\t\t\t\t\t\t\t\t\t\t\t\t\t<\/a>\n\t\t\t\t\t\t\t<\/li>\n\t\t\t\t\n\t\t\t\t\t\t<li class=\"\">\n\t\t\t\t\t\t\t\t<a href=\"#UA_y6E-6LRg\" class=\"yotu-video\" data-videoid=\"UA_y6E-6LRg\" data-title=\"Austra Pumpure - Noausim k\u0101jas, atp\u012bsim sirdis. un M\u012blest\u012bba divreiz neatn\u0101k. (BILDES 2015)\" title=\"Austra Pumpure - Noausim k\u0101jas, atp\u012bsim sirdis. un M\u012blest\u012bba divreiz neatn\u0101k. (BILDES 2015)\">\n\t\t\t\t\t<div class=\"yotu-video-thumb-wrp\">\n\t\t\t\t\t\t<div>\n\t\t\t\t\t\t\t\t\t\t\t\t\t\t<img decoding=\"async\" class=\"yotu-video-thumb\" src=\"https:\/\/i.ytimg.com\/vi\/UA_y6E-6LRg\/sddefault.jpg\" alt=\"Austra Pumpure - Noausim k\u0101jas, atp\u012bsim sirdis. un M\u012blest\u012bba divreiz neatn\u0101k. (BILDES 2015)\">\t\n\t\t\t\t\t\t\t<div class=\"yotuwp-video-meta\"><\/div>\t\t\t\t\t\t<\/div>\n\t\t\t\t\t<\/div>\n\t\t\t\t\t\t\t\t\t\t\t<h3 class=\"yotu-video-title\">Austra Pumpure - Noausim k\u0101jas, atp\u012bsim sirdis. un M\u012blest\u012bba divreiz neatn\u0101k. (BILDES 2015)<\/h3>\n\t\t\t\t\t\t\t\t\t\t\t\t\t\t\t\t\t\t\t<\/a>\n\t\t\t\t\t\t\t<\/li>\n\t\t\t\t\n\t\t\t\t\t\t<li class=\"\">\n\t\t\t\t\t\t\t\t<a href=\"#8mTcQMqysNU\" class=\"yotu-video\" data-videoid=\"8mTcQMqysNU\" data-title=\"AUSTRA PUMPURE (1928-2017)\" title=\"AUSTRA PUMPURE (1928-2017)\">\n\t\t\t\t\t<div class=\"yotu-video-thumb-wrp\">\n\t\t\t\t\t\t<div>\n\t\t\t\t\t\t\t\t\t\t\t\t\t\t<img decoding=\"async\" class=\"yotu-video-thumb\" src=\"https:\/\/i.ytimg.com\/vi\/8mTcQMqysNU\/hqdefault.jpg\" alt=\"AUSTRA PUMPURE (1928-2017)\">\t\n\t\t\t\t\t\t\t<div class=\"yotuwp-video-meta\"><\/div>\t\t\t\t\t\t<\/div>\n\t\t\t\t\t<\/div>\n\t\t\t\t\t\t\t\t\t\t\t<h3 class=\"yotu-video-title\">AUSTRA PUMPURE (1928-2017)<\/h3>\n\t\t\t\t\t\t\t\t\t\t\t\t\t\t\t\t\t\t\t<\/a>\n\t\t\t\t\t\t\t<\/li>\n\t\t\t\t\n\t\t\t\t\t\t<li class=\"\">\n\t\t\t\t\t\t\t\t<a href=\"#j4FK2I4OZvI\" class=\"yotu-video\" data-videoid=\"j4FK2I4OZvI\" data-title=\"Austrai Pumpurei balva par m\u016b\u017ea ieguld\u012bjumu\" title=\"Austrai Pumpurei balva par m\u016b\u017ea ieguld\u012bjumu\">\n\t\t\t\t\t<div class=\"yotu-video-thumb-wrp\">\n\t\t\t\t\t\t<div>\n\t\t\t\t\t\t\t\t\t\t\t\t\t\t<img decoding=\"async\" class=\"yotu-video-thumb\" src=\"https:\/\/i.ytimg.com\/vi\/j4FK2I4OZvI\/sddefault.jpg\" alt=\"Austrai Pumpurei balva par m\u016b\u017ea ieguld\u012bjumu\">\t\n\t\t\t\t\t\t\t<div class=\"yotuwp-video-meta\"><\/div>\t\t\t\t\t\t<\/div>\n\t\t\t\t\t<\/div>\n\t\t\t\t\t\t\t\t\t\t\t<h3 class=\"yotu-video-title\">Austrai Pumpurei balva par m\u016b\u017ea ieguld\u012bjumu<\/h3>\n\t\t\t\t\t\t\t\t\t\t\t\t\t\t\t\t\t\t\t<\/a>\n\t\t\t\t\t\t\t<\/li>\n\t\t\t\t\n\t\t\t\t\t\t<li class=\"\">\n\t\t\t\t\t\t\t\t<a href=\"#fq3GJMWqO3A\" class=\"yotu-video\" data-videoid=\"fq3GJMWqO3A\" data-title=\"Austra Pumpure - Mana un Tava\" title=\"Austra Pumpure - Mana un Tava\">\n\t\t\t\t\t<div class=\"yotu-video-thumb-wrp\">\n\t\t\t\t\t\t<div>\n\t\t\t\t\t\t\t\t\t\t\t\t\t\t<img decoding=\"async\" class=\"yotu-video-thumb\" src=\"https:\/\/i.ytimg.com\/vi\/fq3GJMWqO3A\/sddefault.jpg\" alt=\"Austra Pumpure - Mana un Tava\">\t\n\t\t\t\t\t\t\t<div class=\"yotuwp-video-meta\"><\/div>\t\t\t\t\t\t<\/div>\n\t\t\t\t\t<\/div>\n\t\t\t\t\t\t\t\t\t\t\t<h3 class=\"yotu-video-title\">Austra Pumpure - Mana un Tava<\/h3>\n\t\t\t\t\t\t\t\t\t\t\t\t\t\t\t\t\t\t\t<\/a>\n\t\t\t\t\t\t\t<\/li>\n\t\t\t\t\n\t\t\t\t\t\t<li class=\" yotu-last\">\n\t\t\t\t\t\t\t\t<a href=\"#NC8NfjDpZoY\" class=\"yotu-video\" data-videoid=\"NC8NfjDpZoY\" data-title=\"Austrasdienas koncerts Liepaj\u0101 2016.gad\u0101\" title=\"Austrasdienas koncerts Liepaj\u0101 2016.gad\u0101\">\n\t\t\t\t\t<div class=\"yotu-video-thumb-wrp\">\n\t\t\t\t\t\t<div>\n\t\t\t\t\t\t\t\t\t\t\t\t\t\t<img decoding=\"async\" class=\"yotu-video-thumb\" src=\"https:\/\/i.ytimg.com\/vi\/NC8NfjDpZoY\/sddefault.jpg\" alt=\"Austrasdienas koncerts Liepaj\u0101 2016.gad\u0101\">\t\n\t\t\t\t\t\t\t<div class=\"yotuwp-video-meta\"><\/div>\t\t\t\t\t\t<\/div>\n\t\t\t\t\t<\/div>\n\t\t\t\t\t\t\t\t\t\t\t<h3 class=\"yotu-video-title\">Austrasdienas koncerts Liepaj\u0101 2016.gad\u0101<\/h3>\n\t\t\t\t\t\t\t\t\t\t\t\t\t\t\t\t\t\t\t<\/a>\n\t\t\t\t\t\t\t<\/li>\n\t\t\t\t\n\t\t\t\t<\/ul>\n<\/div><div class=\"yotu-pagination yotu-pager_layout-bothside yotu-pagination-bottom\">\n<a href=\"#\" class=\"yotu-pagination-prev yotu-button-prs yotu-button-prs-1\" data-page=\"prev\">Prev<\/a>\n<span class=\"yotu-pagination-current\">1<\/span> <span>of<\/span> <span class=\"yotu-pagination-total\">5<\/span>\n<a href=\"#\" class=\"yotu-pagination-next yotu-button-prs yotu-button-prs-1\" data-page=\"next\">Next<\/a>\n<\/div>\n\t\t\t\t<\/div>\n\t\t\t<\/div>\n\t\t\t\n","protected":false},"excerpt":{"rendered":"","protected":false},"author":2,"featured_media":0,"parent":0,"menu_order":7,"comment_status":"closed","ping_status":"closed","template":"","meta":{"inline_featured_image":false,"footnotes":""},"class_list":["post-47","page","type-page","status-publish","hentry"],"acf":[],"aioseo_notices":[],"_links":{"self":[{"href":"https:\/\/austrasistaba.lv\/austra-pumpure\/wp-json\/wp\/v2\/pages\/47","targetHints":{"allow":["GET"]}}],"collection":[{"href":"https:\/\/austrasistaba.lv\/austra-pumpure\/wp-json\/wp\/v2\/pages"}],"about":[{"href":"https:\/\/austrasistaba.lv\/austra-pumpure\/wp-json\/wp\/v2\/types\/page"}],"author":[{"embeddable":true,"href":"https:\/\/austrasistaba.lv\/austra-pumpure\/wp-json\/wp\/v2\/users\/2"}],"replies":[{"embeddable":true,"href":"https:\/\/austrasistaba.lv\/austra-pumpure\/wp-json\/wp\/v2\/comments?post=47"}],"version-history":[{"count":9,"href":"https:\/\/austrasistaba.lv\/austra-pumpure\/wp-json\/wp\/v2\/pages\/47\/revisions"}],"predecessor-version":[{"id":333,"href":"https:\/\/austrasistaba.lv\/austra-pumpure\/wp-json\/wp\/v2\/pages\/47\/revisions\/333"}],"wp:attachment":[{"href":"https:\/\/austrasistaba.lv\/austra-pumpure\/wp-json\/wp\/v2\/media?parent=47"}],"curies":[{"name":"wp","href":"https:\/\/api.w.org\/{rel}","templated":true}]}}