{"id":16,"date":"2018-11-22T15:19:24","date_gmt":"2018-11-22T15:19:24","guid":{"rendered":"https:\/\/austrasistaba.lv\/austra-pumpure\/?page_id=16"},"modified":"2019-11-16T08:25:54","modified_gmt":"2019-11-16T08:25:54","slug":"publikacijas","status":"publish","type":"page","link":"https:\/\/austrasistaba.lv\/austra-pumpure\/publikacijas\/","title":{"rendered":"Publik\u0101cijas"},"content":{"rendered":"<p>Da\u017e\u0101dos laikos da\u017e\u0101di publicit\u0101tes raksti un intervijas ar Austru Pumpuri. Austra pati kr\u0101ja \u0161os rakstus, veidojot savu mazo rakstu arh\u012bvu. M\u0113s, Austrasb\u0113rni, ar lielu prieku las\u012bj\u0101m un p\u0101rrakst\u012bj\u0101m tos datorrakst\u0101, lai tie b\u016btu pieejami un las\u0101mi ikvienam.<\/p>\n","protected":false},"excerpt":{"rendered":"<p>Da\u017e\u0101dos laikos da\u017e\u0101di publicit\u0101tes raksti un intervijas ar Austru Pumpuri. Austra pati kr\u0101ja \u0161os rakstus, veidojot savu mazo rakstu arh\u012bvu. M\u0113s, Austrasb\u0113rni, ar lielu prieku las\u012bj\u0101m un p\u0101rrakst\u012bj\u0101m tos datorrakst\u0101, lai tie b\u016btu pieejami un las\u0101mi ikvienam.<\/p>\n","protected":false},"author":2,"featured_media":0,"parent":0,"menu_order":5,"comment_status":"closed","ping_status":"closed","template":"_template_posts.php","meta":{"inline_featured_image":false,"footnotes":""},"class_list":["post-16","page","type-page","status-publish","hentry"],"acf":[],"aioseo_notices":[],"_links":{"self":[{"href":"https:\/\/austrasistaba.lv\/austra-pumpure\/wp-json\/wp\/v2\/pages\/16","targetHints":{"allow":["GET"]}}],"collection":[{"href":"https:\/\/austrasistaba.lv\/austra-pumpure\/wp-json\/wp\/v2\/pages"}],"about":[{"href":"https:\/\/austrasistaba.lv\/austra-pumpure\/wp-json\/wp\/v2\/types\/page"}],"author":[{"embeddable":true,"href":"https:\/\/austrasistaba.lv\/austra-pumpure\/wp-json\/wp\/v2\/users\/2"}],"replies":[{"embeddable":true,"href":"https:\/\/austrasistaba.lv\/austra-pumpure\/wp-json\/wp\/v2\/comments?post=16"}],"version-history":[{"count":7,"href":"https:\/\/austrasistaba.lv\/austra-pumpure\/wp-json\/wp\/v2\/pages\/16\/revisions"}],"predecessor-version":[{"id":329,"href":"https:\/\/austrasistaba.lv\/austra-pumpure\/wp-json\/wp\/v2\/pages\/16\/revisions\/329"}],"wp:attachment":[{"href":"https:\/\/austrasistaba.lv\/austra-pumpure\/wp-json\/wp\/v2\/media?parent=16"}],"curies":[{"name":"wp","href":"https:\/\/api.w.org\/{rel}","templated":true}]}}